{"id":316,"date":"2023-03-25T17:24:13","date_gmt":"2023-03-25T17:24:13","guid":{"rendered":"https:\/\/cms.powerofdark.com\/sobre-mi\/"},"modified":"2023-03-27T12:46:57","modified_gmt":"2023-03-27T12:46:57","slug":"sobre-mi","status":"publish","type":"page","link":"https:\/\/cms.powerofdark.com\/es\/sobre-mi\/","title":{"rendered":"Sobre m\u00ed"},"content":{"rendered":"\t\t<div data-elementor-type=\"wp-page\" data-elementor-id=\"316\" class=\"elementor elementor-316 elementor-35\" data-elementor-post-type=\"page\">\n\t\t\t\t\t\t<section class=\"elementor-section elementor-top-section elementor-element elementor-element-189bf27e elementor-section-full_width elementor-section-height-default elementor-section-height-default\" data-id=\"189bf27e\" data-element_type=\"section\">\n\t\t\t\t\t\t<div class=\"elementor-container elementor-column-gap-no\">\n\t\t\t\t\t<div class=\"elementor-column elementor-col-100 elementor-top-column elementor-element elementor-element-48949e34\" data-id=\"48949e34\" data-element_type=\"column\">\n\t\t\t<div class=\"elementor-widget-wrap elementor-element-populated\">\n\t\t\t\t\t\t<section class=\"elementor-section elementor-inner-section elementor-element elementor-element-5d0fb87e elementor-section-full_width elementor-section-height-default elementor-section-height-default\" data-id=\"5d0fb87e\" data-element_type=\"section\">\n\t\t\t\t\t\t<div class=\"elementor-container elementor-column-gap-no\">\n\t\t\t\t\t<div class=\"elementor-column elementor-col-100 elementor-inner-column elementor-element elementor-element-d5a6f14\" data-id=\"d5a6f14\" data-element_type=\"column\">\n\t\t\t<div class=\"elementor-widget-wrap elementor-element-populated\">\n\t\t\t\t\t\t<div class=\"elementor-element elementor-element-3671352a elementor-widget elementor-widget-heading\" data-id=\"3671352a\" data-element_type=\"widget\" data-widget_type=\"heading.default\">\n\t\t\t\t<div class=\"elementor-widget-container\">\n\t\t\t\t\t<h1 class=\"elementor-heading-title elementor-size-default\">Sobre m\u00ed<\/h1>\t\t\t\t<\/div>\n\t\t\t\t<\/div>\n\t\t\t\t<div class=\"elementor-element elementor-element-7e988bd8 elementor-widget elementor-widget-text-editor\" data-id=\"7e988bd8\" data-element_type=\"widget\" data-widget_type=\"text-editor.default\">\n\t\t\t\t<div class=\"elementor-widget-container\">\n\t\t\t\t\t\t\t\t\t<p>Soy Desarrollador de Software, en mis ratos libres suelo hacer algunos proyectos paralelos, como Sitios Web para servidores de juegos \/ servidores privados.<\/p>\n<p>Est\u00e1n codificados con una sintaxis sencilla pero lo m\u00e1s clara posible para que cualquiera pueda editarlos sin demasiado esfuerzo.<\/p>\n<p>Adem\u00e1s los sitios web son escalables, es f\u00e1cil a\u00f1adir contenido sin necesidad de modificar un mont\u00f3n de archivos.<\/p>\n<p>\u00bfNecesita configurar otro tipo de servidor\/versi\u00f3n? No te preocupes, es f\u00e1cil y podemos ayudarle.<\/p>\n\t\t\t\t\t\t\t\t<\/div>\n\t\t\t\t<\/div>\n\t\t\t\t<div class=\"elementor-element elementor-element-506161e elementor-widget elementor-widget-heading\" data-id=\"506161e\" data-element_type=\"widget\" data-widget_type=\"heading.default\">\n\t\t\t\t<div class=\"elementor-widget-container\">\n\t\t\t\t\t<h1 class=\"elementor-heading-title elementor-size-default\">Mis servidores de juegos<\/h1>\t\t\t\t<\/div>\n\t\t\t\t<\/div>\n\t\t\t\t<div class=\"elementor-element elementor-element-61b509b elementor-widget elementor-widget-text-editor\" data-id=\"61b509b\" data-element_type=\"widget\" data-widget_type=\"text-editor.default\">\n\t\t\t\t<div class=\"elementor-widget-container\">\n\t\t\t\t\t\t\t\t\t<p>Actualmente estoy trabajando en <span style=\"text-decoration: underline;\"><a href=\"https:\/\/cotowers.net\">https:\/\/cotowers.net<\/a><\/span> y <span style=\"text-decoration: underline;\"><a href=\"https:\/\/underworld-co.com\">https:\/\/underworld-co.com<\/a><\/span>, ambas webs est\u00e1n hechas sobre <strong>PowerOfDark CMS<\/strong>.<\/p>\n\t\t\t\t\t\t\t\t<\/div>\n\t\t\t\t<\/div>\n\t\t\t\t\t<\/div>\n\t\t<\/div>\n\t\t\t\t\t<\/div>\n\t\t<\/section>\n\t\t\t\t\t<\/div>\n\t\t<\/div>\n\t\t\t\t\t<\/div>\n\t\t<\/section>\n\t\t\t\t<\/div>\n\t\t","protected":false},"excerpt":{"rendered":"<p>Sobre m\u00ed Soy Desarrollador de Software, en mis ratos libres suelo hacer algunos proyectos paralelos, como Sitios Web para servidores de juegos \/ servidores privados. Est\u00e1n codificados con una sintaxis sencilla pero lo m\u00e1s clara posible para que cualquiera pueda editarlos sin demasiado esfuerzo. Adem\u00e1s los sitios web son escalables, es f\u00e1cil a\u00f1adir contenido sin [&hellip;]<\/p>\n","protected":false},"author":1,"featured_media":0,"parent":0,"menu_order":0,"comment_status":"closed","ping_status":"open","template":"elementor_header_footer","meta":{"_acf_changed":false,"footnotes":""},"class_list":["post-316","page","type-page","status-publish","hentry"],"acf":[],"yoast_head":"<!-- This site is optimized with the Yoast SEO plugin v24.4 - https:\/\/yoast.com\/wordpress\/plugins\/seo\/ -->\n<title>Sobre m\u00ed - CMS Power Of Dark<\/title>\n<meta name=\"robots\" content=\"index, follow, max-snippet:-1, max-image-preview:large, max-video-preview:-1\" \/>\n<link rel=\"canonical\" href=\"https:\/\/cms.powerofdark.com\/es\/sobre-mi\/\" \/>\n<meta property=\"og:locale\" content=\"es_ES\" \/>\n<meta property=\"og:type\" content=\"article\" \/>\n<meta property=\"og:title\" content=\"Sobre m\u00ed - CMS Power Of Dark\" \/>\n<meta property=\"og:description\" content=\"Sobre m\u00ed Soy Desarrollador de Software, en mis ratos libres suelo hacer algunos proyectos paralelos, como Sitios Web para servidores de juegos \/ servidores privados. Est\u00e1n codificados con una sintaxis sencilla pero lo m\u00e1s clara posible para que cualquiera pueda editarlos sin demasiado esfuerzo. Adem\u00e1s los sitios web son escalables, es f\u00e1cil a\u00f1adir contenido sin [&hellip;]\" \/>\n<meta property=\"og:url\" content=\"https:\/\/cms.powerofdark.com\/es\/sobre-mi\/\" \/>\n<meta property=\"og:site_name\" content=\"CMS Power Of Dark\" \/>\n<meta property=\"article:modified_time\" content=\"2023-03-27T12:46:57+00:00\" \/>\n<meta property=\"og:image\" content=\"https:\/\/cms.powerofdark.com\/wp-content\/uploads\/2023\/03\/header_1.jpg\" \/>\n\t<meta property=\"og:image:width\" content=\"1190\" \/>\n\t<meta property=\"og:image:height\" content=\"636\" \/>\n\t<meta property=\"og:image:type\" content=\"image\/jpeg\" \/>\n<meta name=\"twitter:card\" content=\"summary_large_image\" \/>\n<meta name=\"twitter:label1\" content=\"Tiempo de lectura\" \/>\n\t<meta name=\"twitter:data1\" content=\"1 minuto\" \/>\n<script type=\"application\/ld+json\" class=\"yoast-schema-graph\">{\"@context\":\"https:\/\/schema.org\",\"@graph\":[{\"@type\":\"WebPage\",\"@id\":\"https:\/\/cms.powerofdark.com\/es\/sobre-mi\/\",\"url\":\"https:\/\/cms.powerofdark.com\/es\/sobre-mi\/\",\"name\":\"Sobre m\u00ed - CMS Power Of Dark\",\"isPartOf\":{\"@id\":\"https:\/\/cms.powerofdark.com\/#website\"},\"datePublished\":\"2023-03-25T17:24:13+00:00\",\"dateModified\":\"2023-03-27T12:46:57+00:00\",\"breadcrumb\":{\"@id\":\"https:\/\/cms.powerofdark.com\/es\/sobre-mi\/#breadcrumb\"},\"inLanguage\":\"es\",\"potentialAction\":[{\"@type\":\"ReadAction\",\"target\":[\"https:\/\/cms.powerofdark.com\/es\/sobre-mi\/\"]}]},{\"@type\":\"BreadcrumbList\",\"@id\":\"https:\/\/cms.powerofdark.com\/es\/sobre-mi\/#breadcrumb\",\"itemListElement\":[{\"@type\":\"ListItem\",\"position\":1,\"name\":\"Home\",\"item\":\"https:\/\/cms.powerofdark.com\/\"},{\"@type\":\"ListItem\",\"position\":2,\"name\":\"Sobre m\u00ed\"}]},{\"@type\":\"WebSite\",\"@id\":\"https:\/\/cms.powerofdark.com\/#website\",\"url\":\"https:\/\/cms.powerofdark.com\/\",\"name\":\"CMS Power Of Dark\",\"description\":\"Game Server Websites\",\"publisher\":{\"@id\":\"https:\/\/cms.powerofdark.com\/#organization\"},\"alternateName\":\"CMS for Games\",\"potentialAction\":[{\"@type\":\"SearchAction\",\"target\":{\"@type\":\"EntryPoint\",\"urlTemplate\":\"https:\/\/cms.powerofdark.com\/?s={search_term_string}\"},\"query-input\":{\"@type\":\"PropertyValueSpecification\",\"valueRequired\":true,\"valueName\":\"search_term_string\"}}],\"inLanguage\":\"es\"},{\"@type\":\"Organization\",\"@id\":\"https:\/\/cms.powerofdark.com\/#organization\",\"name\":\"PowerOfDark\",\"alternateName\":\"POD\",\"url\":\"https:\/\/cms.powerofdark.com\/\",\"logo\":{\"@type\":\"ImageObject\",\"inLanguage\":\"es\",\"@id\":\"https:\/\/cms.powerofdark.com\/#\/schema\/logo\/image\/\",\"url\":\"https:\/\/cms.powerofdark.com\/wp-content\/uploads\/2023\/03\/header_1.jpg\",\"contentUrl\":\"https:\/\/cms.powerofdark.com\/wp-content\/uploads\/2023\/03\/header_1.jpg\",\"width\":1190,\"height\":636,\"caption\":\"PowerOfDark\"},\"image\":{\"@id\":\"https:\/\/cms.powerofdark.com\/#\/schema\/logo\/image\/\"}}]}<\/script>\n<!-- \/ Yoast SEO plugin. -->","yoast_head_json":{"title":"Sobre m\u00ed - CMS Power Of Dark","robots":{"index":"index","follow":"follow","max-snippet":"max-snippet:-1","max-image-preview":"max-image-preview:large","max-video-preview":"max-video-preview:-1"},"canonical":"https:\/\/cms.powerofdark.com\/es\/sobre-mi\/","og_locale":"es_ES","og_type":"article","og_title":"Sobre m\u00ed - CMS Power Of Dark","og_description":"Sobre m\u00ed Soy Desarrollador de Software, en mis ratos libres suelo hacer algunos proyectos paralelos, como Sitios Web para servidores de juegos \/ servidores privados. Est\u00e1n codificados con una sintaxis sencilla pero lo m\u00e1s clara posible para que cualquiera pueda editarlos sin demasiado esfuerzo. Adem\u00e1s los sitios web son escalables, es f\u00e1cil a\u00f1adir contenido sin [&hellip;]","og_url":"https:\/\/cms.powerofdark.com\/es\/sobre-mi\/","og_site_name":"CMS Power Of Dark","article_modified_time":"2023-03-27T12:46:57+00:00","og_image":[{"width":1190,"height":636,"url":"https:\/\/cms.powerofdark.com\/wp-content\/uploads\/2023\/03\/header_1.jpg","type":"image\/jpeg"}],"twitter_card":"summary_large_image","twitter_misc":{"Tiempo de lectura":"1 minuto"},"schema":{"@context":"https:\/\/schema.org","@graph":[{"@type":"WebPage","@id":"https:\/\/cms.powerofdark.com\/es\/sobre-mi\/","url":"https:\/\/cms.powerofdark.com\/es\/sobre-mi\/","name":"Sobre m\u00ed - CMS Power Of Dark","isPartOf":{"@id":"https:\/\/cms.powerofdark.com\/#website"},"datePublished":"2023-03-25T17:24:13+00:00","dateModified":"2023-03-27T12:46:57+00:00","breadcrumb":{"@id":"https:\/\/cms.powerofdark.com\/es\/sobre-mi\/#breadcrumb"},"inLanguage":"es","potentialAction":[{"@type":"ReadAction","target":["https:\/\/cms.powerofdark.com\/es\/sobre-mi\/"]}]},{"@type":"BreadcrumbList","@id":"https:\/\/cms.powerofdark.com\/es\/sobre-mi\/#breadcrumb","itemListElement":[{"@type":"ListItem","position":1,"name":"Home","item":"https:\/\/cms.powerofdark.com\/"},{"@type":"ListItem","position":2,"name":"Sobre m\u00ed"}]},{"@type":"WebSite","@id":"https:\/\/cms.powerofdark.com\/#website","url":"https:\/\/cms.powerofdark.com\/","name":"CMS Power Of Dark","description":"Game Server Websites","publisher":{"@id":"https:\/\/cms.powerofdark.com\/#organization"},"alternateName":"CMS for Games","potentialAction":[{"@type":"SearchAction","target":{"@type":"EntryPoint","urlTemplate":"https:\/\/cms.powerofdark.com\/?s={search_term_string}"},"query-input":{"@type":"PropertyValueSpecification","valueRequired":true,"valueName":"search_term_string"}}],"inLanguage":"es"},{"@type":"Organization","@id":"https:\/\/cms.powerofdark.com\/#organization","name":"PowerOfDark","alternateName":"POD","url":"https:\/\/cms.powerofdark.com\/","logo":{"@type":"ImageObject","inLanguage":"es","@id":"https:\/\/cms.powerofdark.com\/#\/schema\/logo\/image\/","url":"https:\/\/cms.powerofdark.com\/wp-content\/uploads\/2023\/03\/header_1.jpg","contentUrl":"https:\/\/cms.powerofdark.com\/wp-content\/uploads\/2023\/03\/header_1.jpg","width":1190,"height":636,"caption":"PowerOfDark"},"image":{"@id":"https:\/\/cms.powerofdark.com\/#\/schema\/logo\/image\/"}}]}},"_links":{"self":[{"href":"https:\/\/cms.powerofdark.com\/es\/wp-json\/wp\/v2\/pages\/316","targetHints":{"allow":["GET"]}}],"collection":[{"href":"https:\/\/cms.powerofdark.com\/es\/wp-json\/wp\/v2\/pages"}],"about":[{"href":"https:\/\/cms.powerofdark.com\/es\/wp-json\/wp\/v2\/types\/page"}],"author":[{"embeddable":true,"href":"https:\/\/cms.powerofdark.com\/es\/wp-json\/wp\/v2\/users\/1"}],"replies":[{"embeddable":true,"href":"https:\/\/cms.powerofdark.com\/es\/wp-json\/wp\/v2\/comments?post=316"}],"version-history":[{"count":1,"href":"https:\/\/cms.powerofdark.com\/es\/wp-json\/wp\/v2\/pages\/316\/revisions"}],"predecessor-version":[{"id":317,"href":"https:\/\/cms.powerofdark.com\/es\/wp-json\/wp\/v2\/pages\/316\/revisions\/317"}],"wp:attachment":[{"href":"https:\/\/cms.powerofdark.com\/es\/wp-json\/wp\/v2\/media?parent=316"}],"curies":[{"name":"wp","href":"https:\/\/api.w.org\/{rel}","templated":true}]}}